{"id":6872,"date":"2020-11-06T15:43:04","date_gmt":"2020-11-06T15:43:04","guid":{"rendered":"https:\/\/everbesttours.com\/sobre-nos\/termos-e-condicoes\/"},"modified":"2021-02-22T17:42:26","modified_gmt":"2021-02-22T17:42:26","slug":"termos-e-condicoes","status":"publish","type":"page","link":"https:\/\/everbesttours.com\/pt-pt\/sobre-nos\/termos-e-condicoes\/","title":{"rendered":"Termos e Condi\u00e7\u00f5es"},"content":{"rendered":"\r\n<h1 class=\"wp-block-heading\">TERMOS\u00a0 E CONDI\u00c7OES GERAIS<\/h1>\r\n<ol>\r\n<li>\r\n<h2>INTRODU\u00c7\u00c3O<\/h2>\r\n<\/li>\r\n<\/ol>\r\n<p>\u00a0A &#8220;EverBest Tours &#8211; Unique Like You&#8221;, \u00e9 uma marca sob a qual a empresa Vers\u00e3o Vibrante , Lda., opera, e doravante ser\u00e1 referida apenas como \u201c EverBest Tours \u201d ou \u201cN\u00f3s\u201d.<\/p>\r\n<p>Este acordo estabelece os termos e condi\u00e7\u00f5es entre EverBest Tours e os utilizadores que visitam o nosso site para reservar passeios e servi\u00e7os de viagens e, que daqui em diante passam a ser\u00a0 designados como \u201cCliente\u201d ou \u201cVoc\u00ea\u201d.<\/p>\r\n<p>Este Acordo estabelece as\u00a0Condi\u00e7\u00f5es\u00a0Gerais\u00a0e\u00a0Voc\u00ea deve l\u00ea-lo\u00a0antes de\u00a0usar o Site e reservar um servi\u00e7o \/ tour.\u00a0O uso de\u00a0nosso site e as\u00a0compras feitas atrav\u00e9s dele\u00a0constituem um acordo com todos os termos e condi\u00e7\u00f5es deste Acordo e Voc\u00ea garante que entende, concorda e aceita todos os termos e condi\u00e7\u00f5es aqui contidos.<\/p>\r\n<p>Estas Condi\u00e7\u00f5es Gerais podem ser alteradas por Condi\u00e7\u00f5es Especiais ou Detalhes relacionados com um servi\u00e7o espec\u00edfico prestado pela EverBest Tours.<\/p>\r\n<ol start=\"2\">\r\n<li>\r\n<h2>GERAL<\/h2>\r\n<\/li>\r\n<\/ol>\r\n<p>EverBest Tours\u00a0n\u00e3o\u00a0ser\u00e1\u00a0respons\u00e1vel por perdas em caso de for\u00e7a maior, tais como cat\u00e1strofes naturais, greves, condi\u00e7\u00f5es e fen\u00f3menos clim\u00e1ticos, guerra ou outras causas fora do controle da EverBest Tours\u00a0.\u00a0Essas perdas e despesas s\u00e3o de responsabilidade pessoal do viajante.\u00a0<\/p>\r\n<p>EverBest Tours\u00a0\u00a0reserva-se o direito de alterar rotas, itiner\u00e1rios ou hor\u00e1rios sem aviso pr\u00e9vio, sempre que tal se mostre necess\u00e1rio\u00a0.\u00a0<\/p>\r\n<p>&nbsp;<\/p>\r\n<ol>\r\n<li>\r\n<h2>ISEN\u00c7\u00c3O DE GARANTIAS<\/h2>\r\n<\/li>\r\n<\/ol>\r\n<p>Voc\u00ea\u00a0concorda expressamente que faz uso deste site por sua conta e risco.\u00a0 A EverBest Tours\u00a0n\u00e3o garante que o site esteja livre de mau-funcionamento ou de erros;\u00a0nem oferecemos qualquer garantia quanto aos resultados que podem ser obtidos atrav\u00e9s do site, ou quanto ao rigor, confiabilidade ou conte\u00fado de qualquer informa\u00e7\u00e3o, servi\u00e7o ou mercadoria fornecida atrav\u00e9s do site.\u00a0O\u00a0site \u00e9 disponibilizado &#8220;como \u00e9&#8221;, sem garantias de qualquer tipo, expressas ou impl\u00edcitas.<\/p>\r\n<p>&nbsp;<\/p>\r\n<ol start=\"4\">\r\n<li>\r\n<h2>RESERVAS E PRESTA\u00c7\u00c3O DE SERVI\u00c7OS<\/h2>\r\n<\/li>\r\n<\/ol>\r\n<p>A confirma\u00e7\u00e3o da reserva e um Recibo\/Voucher ser\u00e1 eletronicamente enviado para o cliente. Ser\u00e1 necess\u00e1rio apresentar esse Recibo num dispositivo eletr\u00f3nico ou impresso, ao embarcar nos nossos ve\u00edculos.<\/p>\r\n<p>Na v\u00e9spera do tour \/ servi\u00e7o\u00a0,\u00a0um contato ser\u00e1 feito para acertar os detalhes.\u00a0De qualquer forma,\u00a0\u00e9\u00a0responsabilidade do cliente entrar em contato com o nosso Apoio ao Cliente\u00a0em \u00a0<a href=\"mailto:ruilucas@everbesttours.com\">ruilucas@everbesttours.com<\/a> ou n\u00famero de telefone +351910802228\u00a0,\u00a0sobre os detalhes da\u00a0sua\u00a0reserva\u00a0&#8211; o n\u00famero de passageiros, detalhes de contato, hora e local de recolha para in\u00edcio.\u00a0Caso o cliente n\u00e3o entre em contato com a equipe de Apoio ao Cliente em tempo \u00fatil,\u00a0a EverBest Tours\u00a0n\u00e3o aceitar\u00e1 qualquer responsabilidade por perdas ou erros.<\/p>\r\n<p>&nbsp;<\/p>\r\n<ol start=\"5\">\r\n<li>\r\n<h2>DESCRI\u00c7\u00d5ES DE TOURS \/ SERVI\u00c7OS<\/h2>\r\n<\/li>\r\n<\/ol>\r\n<p>As descri\u00e7\u00f5es, formatos e hor\u00e1rios dos tours e outros servi\u00e7os , fornecidos no nosso site ou por qualquer outro meio, t\u00eam como objetivo apresentar uma ideia geral do tour \/ servi\u00e7o e n\u00e3o s\u00e3o considerados vinculativos. Embora tentemos garantir as informa\u00e7\u00f5es mais precisas , elas n\u00e3o inferem quaisquer garantias, expressas ou impl\u00edcitas, em rela\u00e7\u00e3o \u00e0 sua exatid\u00e3o, integridade, atualidade, confiabilidade, adequa\u00e7\u00e3o para qualquer finalidade (incluindo para quaisquer informa\u00e7\u00f5es fornecidas por terceiros ). As fotografias t\u00eam apenas fins ilustrativos e n\u00e3o constituem nenhum acordo contratual entre Voc\u00ea e N\u00f3s. Os hor\u00e1rios e itiner\u00e1rios podem variar de acordo com a esta\u00e7\u00e3o do ano.<\/p>\r\n<p>&nbsp;<\/p>\r\n<ol start=\"6\">\r\n<li>\r\n<h2>PRE\u00c7OS E POL\u00cdTICA DE PAGAMENTO<\/h2>\r\n<\/li>\r\n<\/ol>\r\n<p>Note que os pre\u00e7os online podem ser alterados sem aviso pr\u00e9vio.<\/p>\r\n<p>O pre\u00e7o vinculativo para um tour reservado atrav\u00e9s de nosso site \u00e9 sempre o que \u00e9 exibido para Voc\u00ea durante a finaliza\u00e7\u00e3o da compra, quando Voc\u00ea insere seu nome e detalhes de contato.\u00a0<\/p>\r\n<p>\u00a0Os m\u00e9todos de pagamento dispon\u00edveis para adquirir nossos servi\u00e7os s\u00e3o os seguintes:<\/p>\r\n<ul>\r\n<li>PAYPAL<\/li>\r\n<li>CART\u00c3O DE CR\u00c9DITO<\/li>\r\n<li>TRANSFER\u00caNCIA BANC\u00c1RIA PARA O NOSSO IBAN<\/li>\r\n<\/ul>\r\n<p>&nbsp;<\/p>\r\n<p>Todos os passeios e atividades devem ser pagos integralmente antes de embarcar no ve\u00edculo.\u00a0Nenhum pagamento no ve\u00edculo ser\u00e1 aceite.\u00a0Nos pagamentos online,\u00a0EverBest Tours\u00a0usa um\u00a0servi\u00e7o\u00a0de terceiros\u00a0para processar as informa\u00e7\u00f5es do seu cart\u00e3o de cr\u00e9dito, portanto n\u00e3o temos acesso \u00e0s informa\u00e7\u00f5es do seu cart\u00e3o de cr\u00e9dito.<\/p>\r\n<p>&nbsp;<\/p>\r\n<ol start=\"7\">\r\n<li>\r\n<h2>DURA\u00c7\u00c3O E ITINER\u00c1RIOS<\/h2>\r\n<\/li>\r\n<\/ol>\r\n<p>A dura\u00e7\u00e3o da\u00a0sess\u00e3o\u00a0\u00e9\u00a0aproximada e \u00e9 fornecida simplesmente como uma indica\u00e7\u00e3o do tempo que Voc\u00ea passar\u00e1 no passeio.\u00a0Alguma varia\u00e7\u00e3o para menos ou mais deve ser esperada.<\/p>\r\n<p>Tentamos operar todos os passeios conforme descrito, mas reservamo-nos o direito de alterar o itiner\u00e1rio do passeio, se necess\u00e1rio, antes ou depois da partida. Este tipo de passeios exige uma flexibilidade consider\u00e1vel de nossa parte e de sua parte, a fim de permitir as mudan\u00e7as necess\u00e1rias no itiner\u00e1rio inicial, seja a rota ou hor\u00e1rios, comodidades e meios de transporte, sem aviso pr\u00e9vio\u00a0 se devido a circunst\u00e2ncias locais ou eventos que possam ocorrer fora nosso controle . Isso pode acontecer devido ao fecho ou indisponibilidade tempor\u00e1ria de estradas, monumentos, condi\u00e7\u00f5es clim\u00e1ticas adversas e outros incidentes imprevis\u00edveis.<\/p>\r\n<p>&nbsp;<\/p>\r\n<ol start=\"8\">\r\n<li>\r\n<h2>PONTOS DE RECOLHA \/ CHEGADA<\/h2>\r\n<\/li>\r\n<\/ol>\r\n<p>Os locais de partida e de chegada ser\u00e3o o seu hotel \/ alojamento no Porto ou outro local se previamente combinado.<\/p>\r\n<p>\u00c9 responsabilidade do cliente apresentar-se no local de recolha designado e na hora indicada no voucher. Caso os clientes n\u00e3o cumpram estas condi\u00e7\u00f5es, EverBest Tours reserva-se o direito de cancelar a reserva. A EverBest Tours pode, em alguns casos, conceder ao cliente um reagendamento em data posterior, nunca nestes casos ser\u00e1 feito \u00a0um reembolso, total ou parcial.\u00a0\u00a0<\/p>\r\n<p>&nbsp;<\/p>\r\n<ol start=\"9\">\r\n<li>\r\n<h2>DURANTE O TOUR \/ SERVI\u00c7O<\/h2>\r\n<\/li>\r\n<\/ol>\r\n<p>Os nossos\u00a0passeios\u00a0s\u00e3o geridos por um\u00a0guia\u00a0\/\u00a0motorista.\u00a0A decis\u00e3o do\u00a0guia \/ motorista\u00a0tur\u00edstico\u00a0\u00e9 final em todas as quest\u00f5es que possam afetar a seguran\u00e7a ou o bem-estar de qualquer viajante ou funcion\u00e1rio que participe da viagem.<\/p>\r\n<p>\u00c9\u00a0responsabilidade\u00a0do cliente\u00a0 comportar-se de acordo com os padr\u00f5es sociais estabelecidos com os demais passageiros e funcion\u00e1rios, tanto a bordo quanto fora do ve\u00edculo e durante as visitas.\u00a0A empresa reserva-se o direito de recusar ou rescindir o servi\u00e7o a qualquer cliente,\u00a0sem obriga\u00e7\u00e3o de explicar ou fornecer o motivo,\u00a0em caso de comportamento inaceit\u00e1vel (ver casos abaixo).\u00a0Al\u00e9m disso, a empresa tamb\u00e9m det\u00e9m o direito de recusar a presta\u00e7\u00e3o do servi\u00e7o, al\u00e9m do direito de comunicar com as autoridades \u00a0competentes, em qualquer caso abaixo \u00a0referidos:<\/p>\r\n<ul>\r\n<li>Ass\u00e9dio f\u00edsico,\u00a0sexual e verbal ao pessoal ou qualquer participante na viagem;<\/li>\r\n<li>Amea\u00e7a, difama\u00e7\u00e3o ou cal\u00fania dos funcion\u00e1rios ou qualquer participante na viagem;<\/li>\r\n<li>Abuso f\u00edsico ou dano provocado a terceiros e a si mesmo\u00a0;<\/li>\r\n<li>Discrimina\u00e7\u00e3o baseada na cor da pele, ra\u00e7a, express\u00e3o e identidade de g\u00eanero, sexo, idade, religi\u00e3o e intoler\u00e2ncia;<\/li>\r\n<li>Fraude, roubo ou inten\u00e7\u00e3o de enganar a empresa<\/li>\r\n<\/ul>\r\n<p>A lei portuguesa exige que cada passageiro use o cinto de seguran\u00e7a enquanto estiver a bordo. O n\u00e3o cumprimento da lei pode levar \u00e0 expuls\u00e3o do ve\u00edculo. Cadeiras elevat\u00f3rias (para crian\u00e7as dos 4 aos 12 anos) e Aassentos infantis de Seguran\u00e7a Autom\u00f3vel (para crian\u00e7as com mais de 2 anos) est\u00e3o dispon\u00edveis mediante pedido pr\u00e9vio atrav\u00e9s de\u00a0 <a href=\"mailto:ruilucas@everbesttours.com\">ruilucas@everbesttours.com<\/a>\u00a0.\u00a0\u00a0<\/p>\r\n<p>Os clientes t\u00eam um determinado tempo para visitar cada local &#8211; esse tempo \u00e9 indicado pelo guia tur\u00edstico \/motorista antes de sair do ve\u00edculo em cada local. \u00c9 responsabilidade do cliente regressar ao ve\u00edculo no tempo determinado.\u00a0\u00a0<\/p>\r\n<p>N\u00e3o aceitamos responsabilidade por perdas, danos, atrasos, inconvenientes ou perdas diretas ou indiretas, qualquer que seja a causa, a menos que seja devido a nossa neglig\u00eancia, caso em que nossa responsabilidade \u00e9 limitada a um m\u00e1ximo do\u00a0custo\u00a0da excurs\u00e3o\u00a0\/ servi\u00e7o.<\/p>\r\n<p>N\u00e3o somos respons\u00e1veis \u200b\u200bpor quaisquer objetos roubados, perdidos ou esquecidos dentro de nossos ve\u00edculos.\u00a0Aconselhamos a todos os clientes que fa\u00e7am um seguro de viagem, visto que viajam por sua conta nos nossos passeios e transferes.<\/p>\r\n<p>O cliente \u00a0dever\u00e1 cumprir e observar as leis, costumes, uso de \u00a0medicamentos e outras drogas em vigor no nosso pa\u00eds, e tamb\u00e9m concordar em viajar de acordo com as diretrizes dos Guias\/Motoristas.<\/p>\r\n<p>&nbsp;<\/p>\r\n<ol start=\"10\">\r\n<li>\r\n<h2>SEGURO DE VIAGEM<\/h2>\r\n<\/li>\r\n<\/ol>\r\n<p>Est\u00e1 inclu\u00eddo no nosso servi\u00e7o um seguro de acidentes pessoais, e tem como garantias:<\/p>\r\n<ul>\r\n<li>Pagamento de despesas de tratamento, incluindo internamento hospitalar, medicamentos, at\u00e9 ao valor anual de\u00a04 000,00\u00a0euros;<\/li>\r\n<li>Pagamento do capital de 2\u00a02\u00a0800,00\u00a0euros em caso de morte ou invalidez permanente dos seus clientes\u00a0.\u00a0<\/li>\r\n<\/ul>\r\n<p>Est\u00e1 inclu\u00eddo no nosso servi\u00e7o um seguro de responsabilidade civil, e tem como garantias:<\/p>\r\n<ul>\r\n<li>50\u00a0000\u00a0, 00\u00a0euros por sinistro e anuidade\u00a0.\u00a0<\/li>\r\n<\/ul>\r\n<p>O cliente deve estar ciente de\u00a0que os nossos Acidentes Pessoais e Responsabilidade Civil, apenas s\u00e3o v\u00e1lidos em Portugal.<\/p>\r\n<p>O seguro pessoal de viagem n\u00e3o est\u00e1 inclu\u00eddo.\u00a0Recomendamos enfaticamente que todos os clientes fa\u00e7am um seguro de viagem adequado.<\/p>\r\n<p>&nbsp;<\/p>\r\n<ol start=\"11\">\r\n<li>\r\n<h2>PRIVACIDADE<\/h2>\r\n<\/li>\r\n<\/ol>\r\n<p>A EverBest Tours\u00a0compromete-se a garantir a privacidade das informa\u00e7\u00f5es que o Cliente nos fornece.\u00a0Nossa <u>Pol\u00edtica\u00a0de\u00a0Privacidade<\/u> est\u00e1\u00a0declarada\u00a0em\u00a0nosso site.<\/p>\r\n<p>A menos que o Cliente\u00a0declare explicitamente o contr\u00e1rio, consente que utilizemos imagens suas tiradas durante a viagem para fins publicit\u00e1rios e promocionais, em qualquer meio por n\u00f3s \u00a0escolhido.\u00a0Concede-nos ainda, uma licen\u00e7a mundial, irrevog\u00e1vel e livre de royalties para usar essas imagens para fins publicit\u00e1rios e promocionais.<\/p>\r\n<p>As Suas publica\u00e7\u00f5es , coment\u00e1rios e an\u00e1lises em nossas p\u00e1ginas do Facebook e Instagram s\u00e3o bem-vindos.<\/p>\r\n<ol start=\"12\">\r\n<li>\r\n<h2>CANCELAMENTO, DIREITO DE REEMBOLSO<\/h2>\r\n<\/li>\r\n<\/ol>\r\n<p>Para<a href=\"mailto:,%20remarca\u00e7\u00e3o\"> reagendamento ou remarca\u00e7\u00e3o<\/a>\u00a0e cancelamento contacte-nos atrav\u00e9s do e-mail\u00a0<a href=\"mailto:ruilucas@everbesttours.com\">ruilucas@everbesttours.com<\/a>\u00a0.<\/p>\r\n<p>Em caso de cancelamento de qualquer visita\/viagem pela EverBest Tours (devido a condi\u00e7\u00f5es meteorol\u00f3gicas desfavor\u00e1veis, dificuldades t\u00e9cnicas ou outras \u00a0independentes do nosso controle), o cliente tem direito a:\u00a0<\/p>\r\n<ul>\r\n<li>Remarcar para outra data \u00e0 sua escolha (gratuito e desde que haja disponibilidade)\u00a0;<\/li>\r\n<li>Ou remarcar para outro tour ( eventuais diferen\u00e7as de pre\u00e7o , para menos ou mais, ,a acertar, e desde que haja disponibilidade);<\/li>\r\n<li>Ou obter um reembolso total\u00a0.<\/li>\r\n<\/ul>\r\n<p>Todos os cancelamentos pelos clientes devem ser notificados via email para <a href=\"mailto:ruilucas@everbesttours.com\">ruilucas@everbesttours.com<\/a>\u00a0.\u00a0O direito de reembolso e percentagens s\u00e3o os seguintes:\u00a0\u00a0<\/p>\r\n<ul>\r\n<li>se um pedido de cancelamento de um cliente for recebido com mais de 4 dias de anteced\u00eancia, um reembolso total ser\u00e1 concedido;<\/li>\r\n<li>se recebido com aviso de 4 a 2 dias, um reembolso de 50% ser\u00e1 concedido;<\/li>\r\n<li>se recebido entre\u00a048-24 horas de\u00a0anteced\u00eancia, um\u00a0reembolso de\u00a020\u00a0% \u00e9 concedido;<\/li>\r\n<li>se recebido com menos de 24 horas de anteced\u00eancia ou se os clientes n\u00e3o comparecerem &#8211; \u00a0n\u00e3o haver\u00e1 lugar a reembolso.<\/li>\r\n<\/ul>\r\n<p><strong>Voos Atrazados \/ cancelados:<\/strong><\/p>\r\n<ul>\r\n<li>Em caso de atraso de voo que impe\u00e7a o cliente de comparecer no hor\u00e1rio previsto ou no caso de cancelamento do voo, a companhia a\u00e9rea \u00e9 respons\u00e1vel por indemnizar os seus clientes &#8211; nenhum reembolso ser\u00e1 concedido pela EverBest Tours.<\/li>\r\n<\/ul>\r\n<p><strong>Doen\u00e7a ou morte na fam\u00edlia:\u00a0<\/strong><\/p>\r\n<ul>\r\n<li>Os clientes devem enviar, t\u00e3o r\u00e1pido quanto poss\u00edvel, um e-mail de a solicitar o cancelamento porque ficaram doentes ou algu\u00e9m em casa morreu \/ adoeceu. Os clientes devem, necessariamente,\u00a0 mostrar um atestado m\u00e9dico \/ novas passagens a\u00e9reas para justificar o pedido e\u00a0 ter direito a um reembolso total. Caso o cliente n\u00e3o possa apresentar as evid\u00eancias acima referidas, n\u00e3o haver\u00e1 direito a reembolso.<\/li>\r\n<\/ul>\r\n<p>N\u00e3o obstante,\u00a0em casos espec\u00edficos,\u00a0e\u00a0como o\u00a0nosso objetivo \u00e9 atender \u00e0s expectativas do cliente, A EverBest Tours\u00a0pode oferecer ao cliente\u00a0a possibilidade de\u00a0reagendar\u00a0ou remarcar.\u00a0Esta\u00a0decis\u00e3o fica inteiramente ao crit\u00e9rio da EverBest Tours\u00a0e ser\u00e1 tomada caso a caso.\u00a0<\/p>\r\n<p>&nbsp;<\/p>\r\n<ol start=\"13\">\r\n<li>\r\n<h2>RECLAMA\u00c7\u00d5ES<\/h2>\r\n<\/li>\r\n<\/ol>\r\n<p>O seu feedback sobre os nossos servi\u00e7os \/ produtos \u00e9 muito importante para n\u00f3s e uma forma de aumentarmos constantemente a sua qualidade.\u00a0No caso improv\u00e1vel de\u00a0Voc\u00ea experienciar algum problema,\u00a0espera-se que relate isso,\u00a0em primeiro lugar,\u00a0ao seu\u00a0Guia \/ Motorista.\u00a0Se o assunto n\u00e3o for resolvido de forma satisfat\u00f3ria, por favor contacte-nos para\u00a0<a href=\"mailto:ruilucas@everbesttours.com\">ruilucas@everbesttours.com<\/a>\u00a0.\u00a0ou +351910802228.<\/p>\r\n<p>Se,\u00a0finalmente, e no caso improv\u00e1vel de\u00a0que o assunto\u00a0n\u00e3o seja resolvido de forma satisfat\u00f3ria,\u00a0um\u00a0<u>Livro de\u00a0Reclama\u00e7\u00f5es\u00a0<\/u>eletr\u00f4nico\u00a0est\u00e1 \u00e0 sua disposi\u00e7\u00e3o em nosso site.\u00a0As reclama\u00e7\u00f5es\u00a0devem ser relatadas no prazo de at\u00e9 um m\u00eas\u00a0a\u00a0partir da data\u00a0do evento.<\/p>\r\n<p>&nbsp;<\/p>\r\n<ol start=\"14\">\r\n<li>\r\n<h2>COPYRIGHT<\/h2>\r\n<\/li>\r\n<\/ol>\r\n<p>O conte\u00fado do nosso site \u00e9 protegido por direitos de autor, sejam textos , ilustra\u00e7\u00f5es e fotos. N\u00e3o deve ser usado por terceiros de nenhuma forma, exceto para uso pessoal e n\u00e3o comercial. Qualquer outro uso estar\u00e1 sujeito ao nosso\u00a0 consentimento pr\u00e9vio e por escrito.<\/p>\r\n","protected":false},"excerpt":{"rendered":"<p>TERMOS\u00a0 E CONDI\u00c7OES GERAIS INTRODU\u00c7\u00c3O \u00a0A &#8220;EverBest Tours &#8211; Unique Like You&#8221;, \u00e9 uma marca sob a qual a empresa Vers\u00e3o Vibrante , Lda., opera, e doravante ser\u00e1 referida apenas como \u201c EverBest Tours \u201d ou \u201cN\u00f3s\u201d. Este acordo estabelece os termos e condi\u00e7\u00f5es entre EverBest Tours e os utilizadores que visitam o nosso site [&hellip;]<\/p>\n","protected":false},"author":56,"featured_media":6563,"parent":6824,"menu_order":0,"comment_status":"closed","ping_status":"closed","template":"","meta":{"footnotes":""},"_links":{"self":[{"href":"https:\/\/everbesttours.com\/pt-pt\/wp-json\/wp\/v2\/pages\/6872"}],"collection":[{"href":"https:\/\/everbesttours.com\/pt-pt\/wp-json\/wp\/v2\/pages"}],"about":[{"href":"https:\/\/everbesttours.com\/pt-pt\/wp-json\/wp\/v2\/types\/page"}],"author":[{"embeddable":true,"href":"https:\/\/everbesttours.com\/pt-pt\/wp-json\/wp\/v2\/users\/56"}],"replies":[{"embeddable":true,"href":"https:\/\/everbesttours.com\/pt-pt\/wp-json\/wp\/v2\/comments?post=6872"}],"version-history":[{"count":5,"href":"https:\/\/everbesttours.com\/pt-pt\/wp-json\/wp\/v2\/pages\/6872\/revisions"}],"predecessor-version":[{"id":7491,"href":"https:\/\/everbesttours.com\/pt-pt\/wp-json\/wp\/v2\/pages\/6872\/revisions\/7491"}],"up":[{"embeddable":true,"href":"https:\/\/everbesttours.com\/pt-pt\/wp-json\/wp\/v2\/pages\/6824"}],"wp:featuredmedia":[{"embeddable":true,"href":"https:\/\/everbesttours.com\/pt-pt\/wp-json\/wp\/v2\/media\/6563"}],"wp:attachment":[{"href":"https:\/\/everbesttours.com\/pt-pt\/wp-json\/wp\/v2\/media?parent=6872"}],"curies":[{"name":"wp","href":"https:\/\/api.w.org\/{rel}","templated":true}]}}