{"id":7275,"date":"2021-02-16T22:10:34","date_gmt":"2021-02-16T22:10:34","guid":{"rendered":"https:\/\/everbesttours.com\/a-propos-de-nous\/politique-de-confidentialite\/"},"modified":"2021-02-20T19:05:04","modified_gmt":"2021-02-20T19:05:04","slug":"politique-de-confidentialite","status":"publish","type":"page","link":"https:\/\/everbesttours.com\/fr\/a-propos-de-nous\/politique-de-confidentialite\/","title":{"rendered":"Politique de confidentialit\u00e9"},"content":{"rendered":"\r\n<ol>\r\n<li>\r\n<h2 class=\"wp-block-heading\">ENGAGEMENT<\/h2>\r\n<\/li>\r\n<\/ol>\r\n<p>La confidentialit\u00e9 et la sauvegarde des donn\u00e9es personnelles qui nous sont confi\u00e9es par nos utilisateurs et clients est une priorit\u00e9 et une pr\u00e9occupation constante pour notre entreprise.<\/p>\r\n<p>Nous assumons donc l&rsquo;engagement de garantir la protection de toutes les donn\u00e9es personnelles qui nous sont mises \u00e0 notre disposition, apr\u00e8s avoir adopt\u00e9 plusieurs mesures de s\u00e9curit\u00e9, de nature technique et organisationnelle, afin de prot\u00e9ger les donn\u00e9es personnelles contre toute forme de traitement illicite.<\/p>\r\n<p>Dans sa relation avec les clients, \u00ab\u00a0EverBest Tours \u2013 Unique Like You\u00a0\u00bb\u00a0 &#8211; une marque utilis\u00e9e par la soci\u00e9t\u00e9 Vers\u00e3o Vibrante, Lda. &#8211; et ci-apr\u00e8s d\u00e9nomm\u00e9e uniquement \u00abEverBest Tours\u00bb, fonctionne dans le respect des stipulations de la l\u00e9gislation en vigueur concernant la protection des donn\u00e9es \u00e0 caract\u00e8re personnel, \u00e0 savoir le r\u00e8glement sur la protection des donn\u00e9es &#8211; R\u00e8glement UE 2016\/679 du Parlement et du Conseil du 27 avril 2016 avec effet au 25 mai 2018.<\/p>\r\n<div>\r\n<div class=\"j1rqpc\"><i class=\"material-icons-extended VfPpkd-kBDsod ODAbH\" lang=\"\" aria-hidden=\"true\"><\/i>\r\n<div class=\"VhOj3e\">\r\n<p>EverBest Tours assume \u00e9galement son engagement \u00e0 l&rsquo;am\u00e9lioration continue des proc\u00e9dures et outils mis en \u0153uvre pour la protection des donn\u00e9es personnelles, avec les retours et suggestions de nos utilisateurs.<\/p>\r\n<p>Les pr\u00e9sentes conditions de confidentialit\u00e9 s&rsquo;appliquent au processus de traitement des donn\u00e9es personnelles collect\u00e9es par EverBest Tours via sa pr\u00e9sence en ligne ou ses actions commerciales et promotionnelles.<\/p>\r\n<\/div>\r\n<\/div>\r\n<\/div>\r\n<div class=\"dePhmb\">\r\n<div class=\"eyKpYb\" data-language=\"fr\" data-original-language=\"pt\" data-result-index=\"0\">\r\n<div class=\"J0lOec\">\u00a0<\/div>\r\n<\/div>\r\n<\/div>\r\n<ol start=\"2\">\r\n<li>\r\n<h2>OBJET DU TRAITEMENT<\/h2>\r\n<\/li>\r\n<\/ol>\r\n<p>Les donn\u00e9es personnelles collect\u00e9es sont destin\u00e9es exclusivement aux proc\u00e9dures suivantes:<\/p>\r\n<ul>\r\n<li>R\u00e9ponse \u00e0 la demande de contact \/ r\u00e9servation;<\/li>\r\n<li>Traitement commercial et marketing;<\/li>\r\n<li>Personnalisation de notre offre et services.<\/li>\r\n<\/ul>\r\n<ol start=\"3\">\r\n<li>\r\n<h2>COLLECTE DE DONN\u00c9ES PERSONNELLES<\/h2>\r\n<\/li>\r\n<\/ol>\r\n<p>Les donn\u00e9es collect\u00e9es sont limit\u00e9es au nom, au contact et \u00e0 l&rsquo;adresse e-mail, utilis\u00e9es aux fins \u00e9nonc\u00e9es au point 1. et obtenues par le biais des formulaires de contact et de r\u00e9servation sur le site Web et d&rsquo;une \u00e9ventuelle collecte en face \u00e0 face.<\/p>\r\n<p>Les conditions de consentement suivantes sont conformes aux dispositions des articles 7 et suivants de la nouvelle protection des donn\u00e9es R\u00e8glement &#8211; R\u00e8glement UE 2016\/679 du Parlement et du Conseil, du 27 avril 2016, constituant une manifestation de volont\u00e9, libre, sp\u00e9cifique, inform\u00e9e et explicite, par lequel la personne concern\u00e9e accepte, au moyen d&rsquo;une d\u00e9claration, que les donn\u00e9es \u00e0 caract\u00e8re personnel , qui le concernent, sont soumis \u00e0 un traitement de la mani\u00e8re l\u00e9galement autoris\u00e9e. La personne concern\u00e9e d\u00e9clare que les donn\u00e9es fournies sont v\u00e9ridiques et exactes et que leur insertion est d\u00fbment autoris\u00e9e, \u00e9tant exclusivement responsable du contenu des donn\u00e9es.<\/p>\r\n<p>Les donn\u00e9es personnelles fournies seront trait\u00e9es par EverBest Tours, en tant qu&rsquo;entit\u00e9 responsable de la collecte, du stockage, de la conservation et du traitement, dans le strict but de l&rsquo;objet de chacun des formulaires suivants:<\/p>\r\n<p>&nbsp;<\/p>\r\n<ol>\r\n<li>\r\n<h2>Formulaire de contact:<\/h2>\r\n<\/li>\r\n<\/ol>\r\n<p>En remplissant ce formulaire, l&rsquo;utilisateur donne son consentement et autorise la collecte et le traitement de ses donn\u00e9es personnelles, notamment le nom, le num\u00e9ro de t\u00e9l\u00e9phone et l&rsquo;adresse e-mail aux fins de EverBest Tours demande d&rsquo;informations \/ budget \/ contact.<\/p>\r\n<p>&nbsp;<\/p>\r\n<ol>\r\n<li>\r\n<h2>Formulaire d&rsquo;inscription \u00e0 la newsletter:<\/h2>\r\n<\/li>\r\n<\/ol>\r\n<p>En remplissant ce formulaire, l&rsquo;utilisateur donne son consentement et autorise la collecte et le traitement de ses donn\u00e9es personnelles, en particulier l&rsquo;adresse e-mail, dans le but de mettre \u00e0 disposition et de diffuser la newsletter EverBest Tours.<\/p>\r\n<p>La personne concern\u00e9e peut demander l&rsquo;oubli pr\u00e9vu au 6.<\/p>\r\n<p>&nbsp;<\/p>\r\n<ol>\r\n<li>\r\n<h2>Formulaire de r\u00e9servation de visites ou de services<\/h2>\r\n<\/li>\r\n<\/ol>\r\n<p>En remplissant ce formulaire, l&rsquo;utilisateur donne son consentement et autorise la collecte et le traitement de mes donn\u00e9es personnelles, dans le but de traiter la r\u00e9servation et le paiement d&rsquo;un service fourni par VOTRE TOUR.<br \/>Il vous sera demand\u00e9 pr\u00e9alablement par e-mail, le consentement expr\u00e8s de la personne concern\u00e9e pour l&rsquo;envoi de messages promotionnels ou de newsletter.<\/p>\r\n<p>Si le consentement est refus\u00e9, les donn\u00e9es seront supprim\u00e9es.<\/p>\r\n<p>&nbsp;<\/p>\r\n<ol start=\"4\">\r\n<li>\r\n<h2>P\u00c9RIODE DE CONSERVATION<\/h2>\r\n<\/li>\r\n<\/ol>\r\n<p>Les donn\u00e9es personnelles collect\u00e9es seront conserv\u00e9es tant qu&rsquo;il y aura consentement du titulaire aux fins \u00e9nonc\u00e9es au 1.<\/p>\r\n<p>&nbsp;<\/p>\r\n<ol start=\"5\">\r\n<li>\r\n<h2>PARTAGE DES DONN\u00c9ES PERSONNELLES<\/h2>\r\n<\/li>\r\n<\/ol>\r\n<p>Les donn\u00e9es personnelles collect\u00e9es peuvent \u00eatre partag\u00e9es \u00e0 des fins d&rsquo;h\u00e9bergement et de sauvegarde du site, sur des serveurs situ\u00e9s au Portugal, par EverBest Tours.<\/p>\r\n<p>&nbsp;<\/p>\r\n<ol start=\"6\">\r\n<li>\r\n<h2>DROITS DU TITULAIRE<\/h2>\r\n<\/li>\r\n<\/ol>\r\n<p>Pour acc\u00e9der, corriger, ajouter, mettre \u00e0 jour, supprimer ou modifier le consentement des communications, le titulaire doit contacter EverBest Tours via l&#8217;email ruilucas@everbesttours.com. Nous nous engageons \u00e0 vous r\u00e9pondre dans les plus brefs d\u00e9lais.<\/p>\r\n<p>&nbsp;<\/p>\r\n<ol start=\"7\">\r\n<li>\r\n<h2>LINKS VERS LES SITES PARTENAIRES<\/h2>\r\n<\/li>\r\n<\/ol>\r\n<p>le website de EverBest Tours peut contenir des liens vers des sites tiers \/ partenaires, dont le contenu n&rsquo;est pas sous le contr\u00f4le de EverBest Tours. Il est recommand\u00e9 aux utilisateurs de consulter leurs politiques de confidentialit\u00e9 s&rsquo;ils acc\u00e8dent \u00e0 ces sites.<\/p>\r\n<p>&nbsp;<\/p>\r\n<ol start=\"8\">\r\n<li>\r\n<h2>POLITIQUE DE COOKIES<\/h2>\r\n<\/li>\r\n<\/ol>\r\n<p>La navigation sur le site de EverBest Tours implique l&rsquo;utilisation de cookies qui ne collectent pas d&rsquo;informations personnelles identifiables. Cependant, des informations g\u00e9n\u00e9riques sont utilis\u00e9es pour garantir le bon fonctionnement du site Web et pour faciliter la navigation, ainsi que pour contr\u00f4ler le nombre de visites et \u00e0 des fins statistiques.<\/p>\r\n<p>L&rsquo;utilisation de cookies nous permet d&rsquo;optimiser les performances du site lors d&rsquo;une prochaine visite.<\/p>\r\n<p>&nbsp;<\/p>\r\n<ol start=\"9\">\r\n<li>\r\n<h2>MODIFICATION DES TERMES ET CONDITIONS DE CONFIDENTIALIT\u00c9<\/h2>\r\n<\/li>\r\n<\/ol>\r\n<p>Les pr\u00e9sentes Conditions G\u00e9n\u00e9rales de Confidentialit\u00e9 peuvent \u00eatre sujettes \u00e0 changement ou r\u00e9vision, sans pr\u00e9avis, en raison d&rsquo;exigences l\u00e9gislatives ou r\u00e9glementaires conform\u00e9ment \u00e0 la loi en vigueur. Tous les changements importants de ces conditions seront d\u00fbment communiqu\u00e9s aux utilisateurs sur le site Web de EverBest Tours.<\/p>\r\n<p>Par cons\u00e9quent, EverBest Tours recommande \u00e0 ses utilisateurs de consulter p\u00e9riodiquement ces Termes et Conditions.<\/p>\r\n<p>&nbsp;<\/p>\r\n<ol start=\"10\">\r\n<li>\r\n<h2>NOUS CONTACTER<\/h2>\r\n<\/li>\r\n<\/ol>\r\n<p>Si vous avez des questions, des commentaires ou des pr\u00e9occupations concernant cette politique de confidentialit\u00e9, veuillez nous contacter:<\/p>\r\n<ul>\r\n<li>e-mail: ruilucas@everbesttours.com<\/li>\r\n<li>t\u00e9l\u00e9phone: \/ WhatsApp: +351 910802228<\/li>\r\n<\/ul>\r\n<p>Vous pouvez \u00e9galement nous contacter via l&rsquo;adresse de notre si\u00e8ge social:<\/p>\r\n<p>EverBest Tours &#8211; Vers\u00e3o Vibrante, Lda.<\/p>\r\n<p>Rua Gon\u00e7alo Crist\u00f3v\u00e3o, 185<\/p>\r\n<p>4049-012 Porto \u2013 Portugal<\/p>\r\n<h3>\u00a0<\/h3>\r\n","protected":false},"excerpt":{"rendered":"<p>ENGAGEMENT La confidentialit\u00e9 et la sauvegarde des donn\u00e9es personnelles qui nous sont confi\u00e9es par nos utilisateurs et clients est une priorit\u00e9 et une pr\u00e9occupation constante pour notre entreprise. Nous assumons donc l&rsquo;engagement de garantir la protection de toutes les donn\u00e9es personnelles qui nous sont mises \u00e0 notre disposition, apr\u00e8s avoir adopt\u00e9 plusieurs mesures de s\u00e9curit\u00e9, [&hellip;]<\/p>\n","protected":false},"author":56,"featured_media":6620,"parent":7249,"menu_order":0,"comment_status":"closed","ping_status":"closed","template":"","meta":{"footnotes":""},"_links":{"self":[{"href":"https:\/\/everbesttours.com\/fr\/wp-json\/wp\/v2\/pages\/7275"}],"collection":[{"href":"https:\/\/everbesttours.com\/fr\/wp-json\/wp\/v2\/pages"}],"about":[{"href":"https:\/\/everbesttours.com\/fr\/wp-json\/wp\/v2\/types\/page"}],"author":[{"embeddable":true,"href":"https:\/\/everbesttours.com\/fr\/wp-json\/wp\/v2\/users\/56"}],"replies":[{"embeddable":true,"href":"https:\/\/everbesttours.com\/fr\/wp-json\/wp\/v2\/comments?post=7275"}],"version-history":[{"count":5,"href":"https:\/\/everbesttours.com\/fr\/wp-json\/wp\/v2\/pages\/7275\/revisions"}],"predecessor-version":[{"id":7440,"href":"https:\/\/everbesttours.com\/fr\/wp-json\/wp\/v2\/pages\/7275\/revisions\/7440"}],"up":[{"embeddable":true,"href":"https:\/\/everbesttours.com\/fr\/wp-json\/wp\/v2\/pages\/7249"}],"wp:featuredmedia":[{"embeddable":true,"href":"https:\/\/everbesttours.com\/fr\/wp-json\/wp\/v2\/media\/6620"}],"wp:attachment":[{"href":"https:\/\/everbesttours.com\/fr\/wp-json\/wp\/v2\/media?parent=7275"}],"curies":[{"name":"wp","href":"https:\/\/api.w.org\/{rel}","templated":true}]}}